{"id":5,"date":"2023-04-29T18:23:22","date_gmt":"2023-04-29T18:23:22","guid":{"rendered":"https:\/\/aktuelvi.com\/index.php\/maintenance-page\/"},"modified":"2024-02-15T10:26:08","modified_gmt":"2024-02-15T10:26:08","slug":"maintenance-page","status":"publish","type":"page","link":"https:\/\/aktuelvi.com\/","title":{"rendered":"Maintenance Page"},"content":{"rendered":"\n<div id=\"wp-block-themeisle-blocks-advanced-columns-5d630746\" class=\"wp-block-themeisle-blocks-advanced-columns alignfull has-1-columns has-desktop-equal-layout has-tablet-equal-layout has-mobile-equal-layout has-vertical-center\"><div class=\"wp-block-themeisle-blocks-advanced-columns-overlay\"><\/div><div class=\"innerblocks-wrap\">\n<div id=\"wp-block-themeisle-blocks-advanced-column-e9363a5a\" class=\"wp-block-themeisle-blocks-advanced-column\">\n<center><figure class=\"wp-block-image size-full is-resized\"><img loading=\"lazy\" decoding=\"async\" width=\"300\" height=\"76\" src=\"https:\/\/aktuelvi.com\/wp-content\/uploads\/2024\/02\/logo.png\" alt=\"\" class=\"wp-image-7\" style=\"width:300px;\"><\/figure><\/center>\n\n\n\n<div id=\"wp-block-themeisle-blocks-advanced-columns-cd4b7a17\" class=\"wp-block-themeisle-blocks-advanced-columns has-1-columns has-desktop-oneTwo-layout has-tablet-collapsedRows-layout has-mobile-collapsedRows-layout has-vertical-unset\"><div class=\"wp-block-themeisle-blocks-advanced-columns-overlay\"><\/div><div class=\"innerblocks-wrap\">\n<div id=\"wp-block-themeisle-blocks-advanced-column-31d8f751\" class=\"wp-block-themeisle-blocks-advanced-column\">\n<h2 id=\"wp-block-themeisle-blocks-advanced-heading-948398ab\" class=\"wp-block-themeisle-blocks-advanced-heading wp-block-themeisle-blocks-advanced-heading-948398ab\">Bize ula\u015f\u0131n<\/h2>\n\n\n\n<p>Formu kullanarak, ekibimize ula\u015fabilir ve h\u0131zl\u0131ca destek alabilirsiniz.<\/p>\n\n\n\n<div id=\"wp-block-themeisle-blocks-form-f9b364b5\" class=\"wp-block-themeisle-blocks-form\" data-option-name=\"bf9b28ff82ce323187abc5d0feb0d8f07ecd8436_f9b364b5\"><form class=\"otter-form__container\">\n<div id=\"wp-block-themeisle-blocks-form-input-dee32220\" class=\"wp-block-themeisle-blocks-form-input\"><label for=\"wp-block-themeisle-blocks-form-input-dee32220-input\" class=\"otter-form-input-label\"><span class=\"otter-form-input-label__label\">\u0130sminiz<\/span><span class=\"required\">*<\/span><\/label><input type=\"text\" id=\"wp-block-themeisle-blocks-form-input-dee32220-input\" required placeholder=\"\u0130sminizi giriniz.\" class=\"otter-form-input\"\/><\/div>\n\n\n\n<div id=\"wp-block-themeisle-blocks-form-input-ed39daf2\" class=\"wp-block-themeisle-blocks-form-input\"><label for=\"wp-block-themeisle-blocks-form-input-ed39daf2-input\" class=\"otter-form-input-label\"><span class=\"otter-form-input-label__label\">E-Posta adresiniz<\/span><span class=\"required\">*<\/span><\/label><input type=\"email\" id=\"wp-block-themeisle-blocks-form-input-ed39daf2-input\" required placeholder=\"E-Posta adresinizi giriniz.\" class=\"otter-form-input\"\/><\/div>\n\n\n<div class=\"protection\" aria-hidden=\"true\"><input type=\"hidden\" id=\"wp-block-themeisle-blocks-form-f9b364b5_nonce_field\" name=\"wp-block-themeisle-blocks-form-f9b364b5_nonce_field\" value=\"bb37294ce6\" \/><input type=\"hidden\" name=\"_wp_http_referer\" value=\"\/index.php\/wp-json\/wp\/v2\/pages\/5\" \/><input class=\"o-anti-bot\" type=\"checkbox\"><\/div>\n\n\n<div id=\"wp-block-themeisle-blocks-form-textarea-16e85dea\" class=\"wp-block-themeisle-blocks-form-textarea\"><label for=\"wp-block-themeisle-blocks-form-textarea-16e85dea-input\" class=\"otter-form-textarea-label\"><span class=\"otter-form-textarea-label__label\">Mesaj\u0131n\u0131z<\/span><\/label><textarea id=\"wp-block-themeisle-blocks-form-textarea-16e85dea-input\" placeholder=\"Mesaj\u0131n\u0131z\u0131 giriniz.\" rows=\"10\" class=\"otter-form-textarea-input\"><\/textarea><\/div>\n\n\n\n<p class=\"has-text-align-left has-neve-text-color-color has-text-color has-small-font-size\"><\/p>\n<div class=\"wp-block-button\"><button class=\"wp-block-button__link\" type=\"submit\">G\u00f6nder<\/button><\/div><\/form><\/div>\n<\/div>\n<\/div><\/div>\n<\/div>\n<\/div><\/div>\n\n\n\n<p><\/p>\n\n\n\n<style>\ntextarea#wp-block-themeisle-blocks-form-textarea-16e85dea-input {\nfont-family: var(--wp--preset--font-family--system-font)!important; }\nbody {\n    background: url(https:\/\/aktuel.cloud\/wp-content\/uploads\/2023\/06\/mt-sample-background.jpg)!important;\n}\n#wp-block-themeisle-blocks-advanced-columns-5d630746>.wp-block-themeisle-blocks-advanced-columns-overlay {\n     opacity: 1!important; \n    \/* mix-blend-mode: normal; *\/\n}\n\n.innerblocks-wrap {\n \n}\n\nbody {\n   \n    color: #fff!important;\n}\n\n#wp-block-themeisle-blocks-advanced-columns-cd4b7a17>.wp-block-themeisle-blocks-advanced-columns-overlay {\nopacity:1!important;\n}\n\n.wp-block-themeisle-blocks-advanced-columns {\nbackground:none!important;\n}\n\ninput::placeholder {\n    color: white;\ntext-shadow:2px 2px 2px #000;\n}\n\ntextarea::placeholder {\n    color: white;\ntext-shadow:2px 2px 2px #000;\n}\n\ntextarea {\n    background: rgb(0 0 0 \/ 50%)!important;\n}\n\ninput {\n    background: rgb(0 0 0 \/ 50%)!important;\n}\n\n\nspan {\n    text-shadow: 2px 3px 3px black;\n}\n\n<\/style>\n","protected":false},"excerpt":{"rendered":"","protected":false},"author":1,"featured_media":0,"parent":0,"menu_order":0,"comment_status":"closed","ping_status":"closed","template":"templates\/wpmm-page-template.php","meta":{"_themeisle_gutenberg_block_has_review":false,"footnotes":""},"class_list":["post-5","page","type-page","status-publish","hentry"],"_links":{"self":[{"href":"https:\/\/aktuelvi.com\/index.php\/wp-json\/wp\/v2\/pages\/5","targetHints":{"allow":["GET"]}}],"collection":[{"href":"https:\/\/aktuelvi.com\/index.php\/wp-json\/wp\/v2\/pages"}],"about":[{"href":"https:\/\/aktuelvi.com\/index.php\/wp-json\/wp\/v2\/types\/page"}],"author":[{"embeddable":true,"href":"https:\/\/aktuelvi.com\/index.php\/wp-json\/wp\/v2\/users\/1"}],"replies":[{"embeddable":true,"href":"https:\/\/aktuelvi.com\/index.php\/wp-json\/wp\/v2\/comments?post=5"}],"version-history":[{"count":29,"href":"https:\/\/aktuelvi.com\/index.php\/wp-json\/wp\/v2\/pages\/5\/revisions"}],"predecessor-version":[{"id":55,"href":"https:\/\/aktuelvi.com\/index.php\/wp-json\/wp\/v2\/pages\/5\/revisions\/55"}],"wp:attachment":[{"href":"https:\/\/aktuelvi.com\/index.php\/wp-json\/wp\/v2\/media?parent=5"}],"curies":[{"name":"wp","href":"https:\/\/api.w.org\/{rel}","templated":true}]}}